{"id":352,"date":"2017-03-28T18:13:45","date_gmt":"2017-03-28T18:13:45","guid":{"rendered":"https:\/\/mdstatconsulting.fr\/en\/conseil\/"},"modified":"2021-02-05T12:44:34","modified_gmt":"2021-02-05T12:44:34","slug":"conseil","status":"publish","type":"page","link":"https:\/\/mdstatconsulting.fr\/en\/","title":{"rendered":"Consulting"},"content":{"rendered":"<div><img loading=\"lazy\" class=\"alignnone size-full wp-image-177 m-b-10\" src=\"http:\/\/mdstatcodc.cluster023.hosting.ovh.net\/wp-content\/uploads\/2017\/03\/logo-CIR.png\" alt=\"\" width=\"70\" height=\"68\" \/><\/div>\n<h5 class=\"gt\">Cr\u00e9dit Imp\u00f4t Recherche (CIR)<\/h5>\n<p class=\"p1\"><span class=\"s1\">MDSTAT Consulting, CIR approved since \u00a02011<\/span><\/p>\n","protected":false},"excerpt":{"rendered":"<p>The consulting services adapt perfectly to your workflow and according to the progress made in the studies. <\/p>\n<p>With MDSAT Consulting you have the advice of a biostatistician who is dedicated to you, knows your stakes and can challenge your CROs. Your final AMM will be of good quality, rigorous and consistent with the statistical strategies deployed following methodological advice provided throughout your development project.<\/p>\n<p>Thus, you are guaranteed to be in line with the latest regulatory developments and get support for meetings as well as responses to official documents.<\/p>\n","protected":false},"author":3,"featured_media":0,"parent":0,"menu_order":0,"comment_status":"closed","ping_status":"closed","template":"template-conseil.php","meta":{"_mi_skip_tracking":false},"yoast_head":"<!-- This site is optimized with the Yoast SEO plugin v18.3 - https:\/\/yoast.com\/wordpress\/plugins\/seo\/ -->\n<title>Consulting - MDSTAT Consulting<\/title>\n<meta name=\"description\" content=\"Avec MDSTAT Consulting vous disposez ainsi du conseil d\u2019un biostatisticien qui vous est d\u00e9di\u00e9, conna\u00eet vos enjeux et peut challenger vos CROs.\" \/>\n<meta name=\"robots\" content=\"index, follow, max-snippet:-1, max-image-preview:large, max-video-preview:-1\" \/>\n<link rel=\"canonical\" href=\"https:\/\/mdstatconsulting.fr\/en\/conseil\/\" \/>\n<meta property=\"og:locale\" content=\"en_US\" \/>\n<meta property=\"og:type\" content=\"article\" \/>\n<meta property=\"og:title\" content=\"Consulting - MDSTAT Consulting\" \/>\n<meta property=\"og:description\" content=\"Avec MDSTAT Consulting vous disposez ainsi du conseil d\u2019un biostatisticien qui vous est d\u00e9di\u00e9, conna\u00eet vos enjeux et peut challenger vos CROs.\" \/>\n<meta property=\"og:url\" content=\"https:\/\/mdstatconsulting.fr\/en\/conseil\/\" \/>\n<meta property=\"og:site_name\" content=\"MDSTAT Consulting\" \/>\n<meta property=\"article:modified_time\" content=\"2021-02-05T12:44:34+00:00\" \/>\n<meta property=\"og:image\" content=\"http:\/\/mdstatcodc.cluster023.hosting.ovh.net\/wp-content\/uploads\/2017\/03\/logo-CIR.png\" \/>\n<meta name=\"twitter:card\" content=\"summary\" \/>\n<script type=\"application\/ld+json\" class=\"yoast-schema-graph\">{\"@context\":\"https:\/\/schema.org\",\"@graph\":[{\"@type\":\"WebSite\",\"@id\":\"https:\/\/mdstatconsulting.fr\/#website\",\"url\":\"https:\/\/mdstatconsulting.fr\/\",\"name\":\"MDSTAT Consulting\",\"description\":\"Just another WordPress site\",\"potentialAction\":[{\"@type\":\"SearchAction\",\"target\":{\"@type\":\"EntryPoint\",\"urlTemplate\":\"https:\/\/mdstatconsulting.fr\/?s={search_term_string}\"},\"query-input\":\"required name=search_term_string\"}],\"inLanguage\":\"en-US\"},{\"@type\":\"ImageObject\",\"@id\":\"https:\/\/mdstatconsulting.fr\/en\/conseil\/#primaryimage\",\"inLanguage\":\"en-US\",\"url\":\"http:\/\/mdstatcodc.cluster023.hosting.ovh.net\/wp-content\/uploads\/2017\/03\/logo-CIR.png\",\"contentUrl\":\"http:\/\/mdstatcodc.cluster023.hosting.ovh.net\/wp-content\/uploads\/2017\/03\/logo-CIR.png\"},{\"@type\":\"WebPage\",\"@id\":\"https:\/\/mdstatconsulting.fr\/en\/conseil\/#webpage\",\"url\":\"https:\/\/mdstatconsulting.fr\/en\/conseil\/\",\"name\":\"Consulting - MDSTAT Consulting\",\"isPartOf\":{\"@id\":\"https:\/\/mdstatconsulting.fr\/#website\"},\"primaryImageOfPage\":{\"@id\":\"https:\/\/mdstatconsulting.fr\/en\/conseil\/#primaryimage\"},\"datePublished\":\"2017-03-28T18:13:45+00:00\",\"dateModified\":\"2021-02-05T12:44:34+00:00\",\"description\":\"Avec MDSTAT Consulting vous disposez ainsi du conseil d\u2019un biostatisticien qui vous est d\u00e9di\u00e9, conna\u00eet vos enjeux et peut challenger vos CROs.\",\"breadcrumb\":{\"@id\":\"https:\/\/mdstatconsulting.fr\/en\/conseil\/#breadcrumb\"},\"inLanguage\":\"en-US\",\"potentialAction\":[{\"@type\":\"ReadAction\",\"target\":[\"https:\/\/mdstatconsulting.fr\/en\/conseil\/\"]}]},{\"@type\":\"BreadcrumbList\",\"@id\":\"https:\/\/mdstatconsulting.fr\/en\/conseil\/#breadcrumb\",\"itemListElement\":[{\"@type\":\"ListItem\",\"position\":1,\"name\":\"Accueil\",\"item\":\"https:\/\/mdstatconsulting.fr\/en\/conseil\/\"},{\"@type\":\"ListItem\",\"position\":2,\"name\":\"Consulting\"}]}]}<\/script>\n<!-- \/ Yoast SEO plugin. -->","yoast_head_json":{"title":"Consulting - MDSTAT Consulting","description":"Avec MDSTAT Consulting vous disposez ainsi du conseil d\u2019un biostatisticien qui vous est d\u00e9di\u00e9, conna\u00eet vos enjeux et peut challenger vos CROs.","robots":{"index":"index","follow":"follow","max-snippet":"max-snippet:-1","max-image-preview":"max-image-preview:large","max-video-preview":"max-video-preview:-1"},"canonical":"https:\/\/mdstatconsulting.fr\/en\/conseil\/","og_locale":"en_US","og_type":"article","og_title":"Consulting - MDSTAT Consulting","og_description":"Avec MDSTAT Consulting vous disposez ainsi du conseil d\u2019un biostatisticien qui vous est d\u00e9di\u00e9, conna\u00eet vos enjeux et peut challenger vos CROs.","og_url":"https:\/\/mdstatconsulting.fr\/en\/conseil\/","og_site_name":"MDSTAT Consulting","article_modified_time":"2021-02-05T12:44:34+00:00","og_image":[{"url":"http:\/\/mdstatcodc.cluster023.hosting.ovh.net\/wp-content\/uploads\/2017\/03\/logo-CIR.png"}],"twitter_card":"summary","schema":{"@context":"https:\/\/schema.org","@graph":[{"@type":"WebSite","@id":"https:\/\/mdstatconsulting.fr\/#website","url":"https:\/\/mdstatconsulting.fr\/","name":"MDSTAT Consulting","description":"Just another WordPress site","potentialAction":[{"@type":"SearchAction","target":{"@type":"EntryPoint","urlTemplate":"https:\/\/mdstatconsulting.fr\/?s={search_term_string}"},"query-input":"required name=search_term_string"}],"inLanguage":"en-US"},{"@type":"ImageObject","@id":"https:\/\/mdstatconsulting.fr\/en\/conseil\/#primaryimage","inLanguage":"en-US","url":"http:\/\/mdstatcodc.cluster023.hosting.ovh.net\/wp-content\/uploads\/2017\/03\/logo-CIR.png","contentUrl":"http:\/\/mdstatcodc.cluster023.hosting.ovh.net\/wp-content\/uploads\/2017\/03\/logo-CIR.png"},{"@type":"WebPage","@id":"https:\/\/mdstatconsulting.fr\/en\/conseil\/#webpage","url":"https:\/\/mdstatconsulting.fr\/en\/conseil\/","name":"Consulting - MDSTAT Consulting","isPartOf":{"@id":"https:\/\/mdstatconsulting.fr\/#website"},"primaryImageOfPage":{"@id":"https:\/\/mdstatconsulting.fr\/en\/conseil\/#primaryimage"},"datePublished":"2017-03-28T18:13:45+00:00","dateModified":"2021-02-05T12:44:34+00:00","description":"Avec MDSTAT Consulting vous disposez ainsi du conseil d\u2019un biostatisticien qui vous est d\u00e9di\u00e9, conna\u00eet vos enjeux et peut challenger vos CROs.","breadcrumb":{"@id":"https:\/\/mdstatconsulting.fr\/en\/conseil\/#breadcrumb"},"inLanguage":"en-US","potentialAction":[{"@type":"ReadAction","target":["https:\/\/mdstatconsulting.fr\/en\/conseil\/"]}]},{"@type":"BreadcrumbList","@id":"https:\/\/mdstatconsulting.fr\/en\/conseil\/#breadcrumb","itemListElement":[{"@type":"ListItem","position":1,"name":"Accueil","item":"https:\/\/mdstatconsulting.fr\/en\/conseil\/"},{"@type":"ListItem","position":2,"name":"Consulting"}]}]}},"_links":{"self":[{"href":"https:\/\/mdstatconsulting.fr\/en\/wp-json\/wp\/v2\/pages\/352"}],"collection":[{"href":"https:\/\/mdstatconsulting.fr\/en\/wp-json\/wp\/v2\/pages"}],"about":[{"href":"https:\/\/mdstatconsulting.fr\/en\/wp-json\/wp\/v2\/types\/page"}],"author":[{"embeddable":true,"href":"https:\/\/mdstatconsulting.fr\/en\/wp-json\/wp\/v2\/users\/3"}],"replies":[{"embeddable":true,"href":"https:\/\/mdstatconsulting.fr\/en\/wp-json\/wp\/v2\/comments?post=352"}],"version-history":[{"count":8,"href":"https:\/\/mdstatconsulting.fr\/en\/wp-json\/wp\/v2\/pages\/352\/revisions"}],"predecessor-version":[{"id":762,"href":"https:\/\/mdstatconsulting.fr\/en\/wp-json\/wp\/v2\/pages\/352\/revisions\/762"}],"wp:attachment":[{"href":"https:\/\/mdstatconsulting.fr\/en\/wp-json\/wp\/v2\/media?parent=352"}],"curies":[{"name":"wp","href":"https:\/\/api.w.org\/{rel}","templated":true}]}}