{"id":359,"date":"2017-03-28T18:13:38","date_gmt":"2017-03-28T18:13:38","guid":{"rendered":"https:\/\/mdstatconsulting.fr\/en\/formations\/"},"modified":"2021-06-21T14:45:53","modified_gmt":"2021-06-21T14:45:53","slug":"formations","status":"publish","type":"page","link":"https:\/\/mdstatconsulting.fr\/en\/formations\/","title":{"rendered":"Formations en biostatistiques"},"content":{"rendered":"<h5 class=\"gt\"><strong>En bref<br \/>\n<\/strong><\/h5>\n<p>Les formations propos\u00e9es vous permettront d\u2019acqu\u00e9rir une connaissance pr\u00e9cise du process de l\u2019analyse des donn\u00e9es d\u2019une \u00e9tude clinique. Les principaux points m\u00e9thodologiques (populations et mod\u00e8les d\u2019analyse, donn\u00e9es manquantes\u2026) seront abord\u00e9s et vous permettront d\u2019\u00e9valuer la qualit\u00e9 d\u2019une analyse effectu\u00e9e lors d\u2019une \u00e9tude ou pr\u00e9sent\u00e9e dans une publication scientifique. Le contenu des cours est en accord avec les guidelines de r\u00e9f\u00e9rence de l\u2019agence europ\u00e9enne du m\u00e9dicament (EMA) et est adapt\u00e9 en permanence \u00e0 l\u2019\u00e9volution des bonnes pratiques et \u00e0 la r\u00e8glementation.<\/p>\n<p>Ces formations s&#8217;adressent principalement aux cliniciens, directeurs m\u00e9dicaux, chefs de projet (formation de 1 journ\u00e9e) ou aux biostatisticiens (formation de 2 jours sur les aspects r\u00e9glementaires).<\/p>\n<h5 class=\"gt\"><strong>Vous avez d\u2019autres besoins ?<\/strong><\/h5>\n<p>Des formations \u00ab\u00a0\u00e0 la demande\u00a0\u00bb sur une th\u00e9matique pr\u00e9cise ou sur vos propres donn\u00e9es d\u2019\u00e9tudes sont \u00e9galement possibles (exemples de formations r\u00e9centes : &#8220;Analyse des donn\u00e9es Pr\u00e9cliniques&#8221; \/ &#8220;Worshop Estimands&#8221;.<br \/>\nNous contacter pour plus de d\u00e9tails. Formations \u00e9ligibles au DIF.<\/p>\n<p><a class=\"button stroke small\" href=\"https:\/\/mdstatconsulting.fr\/en\/contact\/\">Envoyer un e-mail<\/a><\/p>\n","protected":false},"excerpt":{"rendered":"<p>Le but de ces cours n\u2019est pas de vous permettre d\u2019analyser vous-m\u00eames vos donn\u00e9es mais de pouvoir \u00e9valuer la qualit\u00e9 d\u2019une analyse, de pouvoir discuter efficacement avec des biostatisticiens, d&#8217;\u00e9valuer le travail r\u00e9alis\u00e9 par une CRO, de comprendre les parties statistiques de documents (protocoles, CSR, articles) d\u2019\u00e9tude. <\/p>\n","protected":false},"author":3,"featured_media":0,"parent":0,"menu_order":0,"comment_status":"closed","ping_status":"closed","template":"template-formations.php","meta":{"_mi_skip_tracking":false},"yoast_head":"<!-- This site is optimized with the Yoast SEO plugin v18.3 - https:\/\/yoast.com\/wordpress\/plugins\/seo\/ -->\n<title>Formations en biostatistiques - Revue critique d&#039;articles cliniques, apprenez \u00e0 rep\u00e9rer les erreurs m\u00e9thodologiques - MDSTAT<\/title>\n<meta name=\"description\" content=\"Les formations biostatistiques propos\u00e9es vous permettront d\u2019acqu\u00e9rir une connaissance pr\u00e9cise sur la m\u00e9thodologie d&#039;analyse des donn\u00e9es d\u2019une \u00e9tude clinique et d&#039;avoir un avis critique \u00e9clair\u00e9 lors de la lecture d&#039;articles scientifiques.\" \/>\n<meta name=\"robots\" content=\"index, follow, max-snippet:-1, max-image-preview:large, max-video-preview:-1\" \/>\n<link rel=\"canonical\" href=\"https:\/\/mdstatconsulting.fr\/en\/formations\/\" \/>\n<meta property=\"og:locale\" content=\"en_US\" \/>\n<meta property=\"og:type\" content=\"article\" \/>\n<meta property=\"og:title\" content=\"Formations en biostatistiques - Revue critique d&#039;articles cliniques, apprenez \u00e0 rep\u00e9rer les erreurs m\u00e9thodologiques - MDSTAT\" \/>\n<meta property=\"og:description\" content=\"Les formations biostatistiques propos\u00e9es vous permettront d\u2019acqu\u00e9rir une connaissance pr\u00e9cise sur la m\u00e9thodologie d&#039;analyse des donn\u00e9es d\u2019une \u00e9tude clinique et d&#039;avoir un avis critique \u00e9clair\u00e9 lors de la lecture d&#039;articles scientifiques.\" \/>\n<meta property=\"og:url\" content=\"https:\/\/mdstatconsulting.fr\/en\/formations\/\" \/>\n<meta property=\"og:site_name\" content=\"MDSTAT Consulting\" \/>\n<meta property=\"article:modified_time\" content=\"2021-06-21T14:45:53+00:00\" \/>\n<meta name=\"twitter:card\" content=\"summary\" \/>\n<meta name=\"twitter:label1\" content=\"Est. reading time\" \/>\n\t<meta name=\"twitter:data1\" content=\"1 minute\" \/>\n<script type=\"application\/ld+json\" class=\"yoast-schema-graph\">{\"@context\":\"https:\/\/schema.org\",\"@graph\":[{\"@type\":\"WebSite\",\"@id\":\"https:\/\/mdstatconsulting.fr\/#website\",\"url\":\"https:\/\/mdstatconsulting.fr\/\",\"name\":\"MDSTAT Consulting\",\"description\":\"Just another WordPress site\",\"potentialAction\":[{\"@type\":\"SearchAction\",\"target\":{\"@type\":\"EntryPoint\",\"urlTemplate\":\"https:\/\/mdstatconsulting.fr\/?s={search_term_string}\"},\"query-input\":\"required name=search_term_string\"}],\"inLanguage\":\"en-US\"},{\"@type\":\"WebPage\",\"@id\":\"https:\/\/mdstatconsulting.fr\/en\/formations\/#webpage\",\"url\":\"https:\/\/mdstatconsulting.fr\/en\/formations\/\",\"name\":\"Formations en biostatistiques - Revue critique d'articles cliniques, apprenez \u00e0 rep\u00e9rer les erreurs m\u00e9thodologiques - MDSTAT\",\"isPartOf\":{\"@id\":\"https:\/\/mdstatconsulting.fr\/#website\"},\"datePublished\":\"2017-03-28T18:13:38+00:00\",\"dateModified\":\"2021-06-21T14:45:53+00:00\",\"description\":\"Les formations biostatistiques propos\u00e9es vous permettront d\u2019acqu\u00e9rir une connaissance pr\u00e9cise sur la m\u00e9thodologie d'analyse des donn\u00e9es d\u2019une \u00e9tude clinique et d'avoir un avis critique \u00e9clair\u00e9 lors de la lecture d'articles scientifiques.\",\"breadcrumb\":{\"@id\":\"https:\/\/mdstatconsulting.fr\/en\/formations\/#breadcrumb\"},\"inLanguage\":\"en-US\",\"potentialAction\":[{\"@type\":\"ReadAction\",\"target\":[\"https:\/\/mdstatconsulting.fr\/en\/formations\/\"]}]},{\"@type\":\"BreadcrumbList\",\"@id\":\"https:\/\/mdstatconsulting.fr\/en\/formations\/#breadcrumb\",\"itemListElement\":[{\"@type\":\"ListItem\",\"position\":1,\"name\":\"Accueil\",\"item\":\"https:\/\/mdstatconsulting.fr\/en\/conseil\/\"},{\"@type\":\"ListItem\",\"position\":2,\"name\":\"Formations en biostatistiques\"}]}]}<\/script>\n<!-- \/ Yoast SEO plugin. -->","yoast_head_json":{"title":"Formations en biostatistiques - Revue critique d'articles cliniques, apprenez \u00e0 rep\u00e9rer les erreurs m\u00e9thodologiques - MDSTAT","description":"Les formations biostatistiques propos\u00e9es vous permettront d\u2019acqu\u00e9rir une connaissance pr\u00e9cise sur la m\u00e9thodologie d'analyse des donn\u00e9es d\u2019une \u00e9tude clinique et d'avoir un avis critique \u00e9clair\u00e9 lors de la lecture d'articles scientifiques.","robots":{"index":"index","follow":"follow","max-snippet":"max-snippet:-1","max-image-preview":"max-image-preview:large","max-video-preview":"max-video-preview:-1"},"canonical":"https:\/\/mdstatconsulting.fr\/en\/formations\/","og_locale":"en_US","og_type":"article","og_title":"Formations en biostatistiques - Revue critique d'articles cliniques, apprenez \u00e0 rep\u00e9rer les erreurs m\u00e9thodologiques - MDSTAT","og_description":"Les formations biostatistiques propos\u00e9es vous permettront d\u2019acqu\u00e9rir une connaissance pr\u00e9cise sur la m\u00e9thodologie d'analyse des donn\u00e9es d\u2019une \u00e9tude clinique et d'avoir un avis critique \u00e9clair\u00e9 lors de la lecture d'articles scientifiques.","og_url":"https:\/\/mdstatconsulting.fr\/en\/formations\/","og_site_name":"MDSTAT Consulting","article_modified_time":"2021-06-21T14:45:53+00:00","twitter_card":"summary","twitter_misc":{"Est. reading time":"1 minute"},"schema":{"@context":"https:\/\/schema.org","@graph":[{"@type":"WebSite","@id":"https:\/\/mdstatconsulting.fr\/#website","url":"https:\/\/mdstatconsulting.fr\/","name":"MDSTAT Consulting","description":"Just another WordPress site","potentialAction":[{"@type":"SearchAction","target":{"@type":"EntryPoint","urlTemplate":"https:\/\/mdstatconsulting.fr\/?s={search_term_string}"},"query-input":"required name=search_term_string"}],"inLanguage":"en-US"},{"@type":"WebPage","@id":"https:\/\/mdstatconsulting.fr\/en\/formations\/#webpage","url":"https:\/\/mdstatconsulting.fr\/en\/formations\/","name":"Formations en biostatistiques - Revue critique d'articles cliniques, apprenez \u00e0 rep\u00e9rer les erreurs m\u00e9thodologiques - MDSTAT","isPartOf":{"@id":"https:\/\/mdstatconsulting.fr\/#website"},"datePublished":"2017-03-28T18:13:38+00:00","dateModified":"2021-06-21T14:45:53+00:00","description":"Les formations biostatistiques propos\u00e9es vous permettront d\u2019acqu\u00e9rir une connaissance pr\u00e9cise sur la m\u00e9thodologie d'analyse des donn\u00e9es d\u2019une \u00e9tude clinique et d'avoir un avis critique \u00e9clair\u00e9 lors de la lecture d'articles scientifiques.","breadcrumb":{"@id":"https:\/\/mdstatconsulting.fr\/en\/formations\/#breadcrumb"},"inLanguage":"en-US","potentialAction":[{"@type":"ReadAction","target":["https:\/\/mdstatconsulting.fr\/en\/formations\/"]}]},{"@type":"BreadcrumbList","@id":"https:\/\/mdstatconsulting.fr\/en\/formations\/#breadcrumb","itemListElement":[{"@type":"ListItem","position":1,"name":"Accueil","item":"https:\/\/mdstatconsulting.fr\/en\/conseil\/"},{"@type":"ListItem","position":2,"name":"Formations en biostatistiques"}]}]}},"_links":{"self":[{"href":"https:\/\/mdstatconsulting.fr\/en\/wp-json\/wp\/v2\/pages\/359"}],"collection":[{"href":"https:\/\/mdstatconsulting.fr\/en\/wp-json\/wp\/v2\/pages"}],"about":[{"href":"https:\/\/mdstatconsulting.fr\/en\/wp-json\/wp\/v2\/types\/page"}],"author":[{"embeddable":true,"href":"https:\/\/mdstatconsulting.fr\/en\/wp-json\/wp\/v2\/users\/3"}],"replies":[{"embeddable":true,"href":"https:\/\/mdstatconsulting.fr\/en\/wp-json\/wp\/v2\/comments?post=359"}],"version-history":[{"count":13,"href":"https:\/\/mdstatconsulting.fr\/en\/wp-json\/wp\/v2\/pages\/359\/revisions"}],"predecessor-version":[{"id":799,"href":"https:\/\/mdstatconsulting.fr\/en\/wp-json\/wp\/v2\/pages\/359\/revisions\/799"}],"wp:attachment":[{"href":"https:\/\/mdstatconsulting.fr\/en\/wp-json\/wp\/v2\/media?parent=359"}],"curies":[{"name":"wp","href":"https:\/\/api.w.org\/{rel}","templated":true}]}}