{"id":396,"date":"2017-03-28T19:00:19","date_gmt":"2017-03-28T19:00:19","guid":{"rendered":"https:\/\/mdstatconsulting.fr\/en\/mentions-legales\/"},"modified":"2017-03-28T19:00:19","modified_gmt":"2017-03-28T19:00:19","slug":"mentions-legales","status":"publish","type":"page","link":"https:\/\/mdstatconsulting.fr\/en\/mentions-legales\/","title":{"rendered":"Mentions l\u00e9gales"},"content":{"rendered":"<h2><strong>Mentions l\u00e9gales<\/strong><\/h2>\n<h3><strong>\u00c9diteur du site :<\/strong><\/h3>\n<p>MDSTAT Consulting, SASU au capital de 5000 euros &#8211; RCS LYON 533051819<\/p>\n<h3><strong>Responsable \u00e9ditorial :<\/strong><\/h3>\n<p>Maeva Dupuis-Deniaud<\/p>\n<h3><strong>H\u00e9bergement :<\/strong><\/h3>\n<p>Le pr\u00e9sent site est h\u00e9berg\u00e9 par OVH SAS \/\u00a02 rue Kellermann \u2013 59100 Roubaix \u2013 France \/\u00a0+33 9 72 10 10 07<\/p>\n<p>&nbsp;<\/p>\n<p>Le contenu du Site Web peut comporter des inexactitudes techniques, erreurs typographiques ou omissions, et ce contenu peut \u00eatre modifi\u00e9 ou mis \u00e0 jour sans pr\u00e9avis.<br \/>\nLes informations pr\u00e9sent\u00e9es sur ce site sont donn\u00e9es \u00e0 titre indicatif et n&#8217;ont pas de valeur contractuelle.<br \/>\nConform\u00e9ment \u00e0 la loi fran\u00e7aise (article 27 de la loi n\u00b0 78.17 du 06.01.78 relative \u00e0 l\u2019informatique, aux fichiers et aux libert\u00e9s) un droit d\u2019acc\u00e8s et de rectification des donn\u00e9es collect\u00e9es au travers des formulaires sur le site est ouvert aupr\u00e8s de MDSTAT Consulting.<\/p>\n<p>L&#8217;ensemble de ce site rel\u00e8ve de la l\u00e9gislation fran\u00e7aise et internationale sur le droit d&#8217;auteur et de la propri\u00e9t\u00e9 intellectuelle. Tous les droits de reproduction sont r\u00e9serv\u00e9s, y compris pour les documents t\u00e9l\u00e9chargeables et les images ou photographies.<\/p>\n<p>La reproduction de tout ou partie de ce site sur un support \u00e9lectronique quel qu&#8217;il soit est formellement interdite sauf autorisation obtenue aupr\u00e8s de MDSTAT Consulting.<\/p>\n","protected":false},"excerpt":{"rendered":"<p>Mentions l\u00e9gales \u00c9diteur du site : MDSTAT Consulting, SASU au capital de 5000 euros &#8211; RCS LYON 533051819 Responsable \u00e9ditorial : Maeva Dupuis-Deniaud H\u00e9bergement : Le pr\u00e9sent site est h\u00e9berg\u00e9 par OVH SAS \/\u00a02 rue Kellermann \u2013 59100 Roubaix \u2013 France \/\u00a0+33 9 72 10 10 07 &nbsp; Le contenu du Site Web peut comporter [&hellip;]<\/p>\n","protected":false},"author":3,"featured_media":0,"parent":0,"menu_order":0,"comment_status":"closed","ping_status":"closed","template":"","meta":{"_mi_skip_tracking":false},"yoast_head":"<!-- This site is optimized with the Yoast SEO plugin v18.3 - https:\/\/yoast.com\/wordpress\/plugins\/seo\/ -->\n<title>Mentions l\u00e9gales - MDSTAT Consulting<\/title>\n<meta name=\"robots\" content=\"index, follow, max-snippet:-1, max-image-preview:large, max-video-preview:-1\" \/>\n<link rel=\"canonical\" href=\"https:\/\/mdstatconsulting.fr\/en\/mentions-legales\/\" \/>\n<meta property=\"og:locale\" content=\"en_US\" \/>\n<meta property=\"og:type\" content=\"article\" \/>\n<meta property=\"og:title\" content=\"Mentions l\u00e9gales - MDSTAT Consulting\" \/>\n<meta property=\"og:description\" content=\"Mentions l\u00e9gales \u00c9diteur du site : MDSTAT Consulting, SASU au capital de 5000 euros &#8211; RCS LYON 533051819 Responsable \u00e9ditorial : Maeva Dupuis-Deniaud H\u00e9bergement : Le pr\u00e9sent site est h\u00e9berg\u00e9 par OVH SAS \/\u00a02 rue Kellermann \u2013 59100 Roubaix \u2013 France \/\u00a0+33 9 72 10 10 07 &nbsp; Le contenu du Site Web peut comporter [&hellip;]\" \/>\n<meta property=\"og:url\" content=\"https:\/\/mdstatconsulting.fr\/en\/mentions-legales\/\" \/>\n<meta property=\"og:site_name\" content=\"MDSTAT Consulting\" \/>\n<meta name=\"twitter:card\" content=\"summary\" \/>\n<meta name=\"twitter:label1\" content=\"Est. reading time\" \/>\n\t<meta name=\"twitter:data1\" content=\"1 minute\" \/>\n<script type=\"application\/ld+json\" class=\"yoast-schema-graph\">{\"@context\":\"https:\/\/schema.org\",\"@graph\":[{\"@type\":\"WebSite\",\"@id\":\"https:\/\/mdstatconsulting.fr\/#website\",\"url\":\"https:\/\/mdstatconsulting.fr\/\",\"name\":\"MDSTAT Consulting\",\"description\":\"Just another WordPress site\",\"potentialAction\":[{\"@type\":\"SearchAction\",\"target\":{\"@type\":\"EntryPoint\",\"urlTemplate\":\"https:\/\/mdstatconsulting.fr\/?s={search_term_string}\"},\"query-input\":\"required name=search_term_string\"}],\"inLanguage\":\"en-US\"},{\"@type\":\"WebPage\",\"@id\":\"https:\/\/mdstatconsulting.fr\/en\/mentions-legales\/#webpage\",\"url\":\"https:\/\/mdstatconsulting.fr\/en\/mentions-legales\/\",\"name\":\"Mentions l\u00e9gales - MDSTAT Consulting\",\"isPartOf\":{\"@id\":\"https:\/\/mdstatconsulting.fr\/#website\"},\"datePublished\":\"2017-03-28T19:00:19+00:00\",\"dateModified\":\"2017-03-28T19:00:19+00:00\",\"breadcrumb\":{\"@id\":\"https:\/\/mdstatconsulting.fr\/en\/mentions-legales\/#breadcrumb\"},\"inLanguage\":\"en-US\",\"potentialAction\":[{\"@type\":\"ReadAction\",\"target\":[\"https:\/\/mdstatconsulting.fr\/en\/mentions-legales\/\"]}]},{\"@type\":\"BreadcrumbList\",\"@id\":\"https:\/\/mdstatconsulting.fr\/en\/mentions-legales\/#breadcrumb\",\"itemListElement\":[{\"@type\":\"ListItem\",\"position\":1,\"name\":\"Accueil\",\"item\":\"https:\/\/mdstatconsulting.fr\/en\/conseil\/\"},{\"@type\":\"ListItem\",\"position\":2,\"name\":\"Mentions l\u00e9gales\"}]}]}<\/script>\n<!-- \/ Yoast SEO plugin. -->","yoast_head_json":{"title":"Mentions l\u00e9gales - MDSTAT Consulting","robots":{"index":"index","follow":"follow","max-snippet":"max-snippet:-1","max-image-preview":"max-image-preview:large","max-video-preview":"max-video-preview:-1"},"canonical":"https:\/\/mdstatconsulting.fr\/en\/mentions-legales\/","og_locale":"en_US","og_type":"article","og_title":"Mentions l\u00e9gales - MDSTAT Consulting","og_description":"Mentions l\u00e9gales \u00c9diteur du site : MDSTAT Consulting, SASU au capital de 5000 euros &#8211; RCS LYON 533051819 Responsable \u00e9ditorial : Maeva Dupuis-Deniaud H\u00e9bergement : Le pr\u00e9sent site est h\u00e9berg\u00e9 par OVH SAS \/\u00a02 rue Kellermann \u2013 59100 Roubaix \u2013 France \/\u00a0+33 9 72 10 10 07 &nbsp; Le contenu du Site Web peut comporter [&hellip;]","og_url":"https:\/\/mdstatconsulting.fr\/en\/mentions-legales\/","og_site_name":"MDSTAT Consulting","twitter_card":"summary","twitter_misc":{"Est. reading time":"1 minute"},"schema":{"@context":"https:\/\/schema.org","@graph":[{"@type":"WebSite","@id":"https:\/\/mdstatconsulting.fr\/#website","url":"https:\/\/mdstatconsulting.fr\/","name":"MDSTAT Consulting","description":"Just another WordPress site","potentialAction":[{"@type":"SearchAction","target":{"@type":"EntryPoint","urlTemplate":"https:\/\/mdstatconsulting.fr\/?s={search_term_string}"},"query-input":"required name=search_term_string"}],"inLanguage":"en-US"},{"@type":"WebPage","@id":"https:\/\/mdstatconsulting.fr\/en\/mentions-legales\/#webpage","url":"https:\/\/mdstatconsulting.fr\/en\/mentions-legales\/","name":"Mentions l\u00e9gales - MDSTAT Consulting","isPartOf":{"@id":"https:\/\/mdstatconsulting.fr\/#website"},"datePublished":"2017-03-28T19:00:19+00:00","dateModified":"2017-03-28T19:00:19+00:00","breadcrumb":{"@id":"https:\/\/mdstatconsulting.fr\/en\/mentions-legales\/#breadcrumb"},"inLanguage":"en-US","potentialAction":[{"@type":"ReadAction","target":["https:\/\/mdstatconsulting.fr\/en\/mentions-legales\/"]}]},{"@type":"BreadcrumbList","@id":"https:\/\/mdstatconsulting.fr\/en\/mentions-legales\/#breadcrumb","itemListElement":[{"@type":"ListItem","position":1,"name":"Accueil","item":"https:\/\/mdstatconsulting.fr\/en\/conseil\/"},{"@type":"ListItem","position":2,"name":"Mentions l\u00e9gales"}]}]}},"_links":{"self":[{"href":"https:\/\/mdstatconsulting.fr\/en\/wp-json\/wp\/v2\/pages\/396"}],"collection":[{"href":"https:\/\/mdstatconsulting.fr\/en\/wp-json\/wp\/v2\/pages"}],"about":[{"href":"https:\/\/mdstatconsulting.fr\/en\/wp-json\/wp\/v2\/types\/page"}],"author":[{"embeddable":true,"href":"https:\/\/mdstatconsulting.fr\/en\/wp-json\/wp\/v2\/users\/3"}],"replies":[{"embeddable":true,"href":"https:\/\/mdstatconsulting.fr\/en\/wp-json\/wp\/v2\/comments?post=396"}],"version-history":[{"count":0,"href":"https:\/\/mdstatconsulting.fr\/en\/wp-json\/wp\/v2\/pages\/396\/revisions"}],"wp:attachment":[{"href":"https:\/\/mdstatconsulting.fr\/en\/wp-json\/wp\/v2\/media?parent=396"}],"curies":[{"name":"wp","href":"https:\/\/api.w.org\/{rel}","templated":true}]}}